{"id":11,"date":"2024-08-07T06:10:58","date_gmt":"2024-08-07T06:10:58","guid":{"rendered":"http:\/\/allespaletti.lu\/?page_id=11"},"modified":"2025-10-09T13:42:01","modified_gmt":"2025-10-09T13:42:01","slug":"heim","status":"publish","type":"page","link":"https:\/\/allespaletti.lu\/fr\/","title":{"rendered":"Accueil"},"content":{"rendered":"<div data-elementor-type=\"wp-page\" data-elementor-id=\"11\" class=\"elementor elementor-11\" data-elementor-post-type=\"page\">\n\t\t\t\t\t\t<section class=\"elementor-section elementor-top-section elementor-element elementor-element-3a2b59d elementor-section-height-full elementor-section-boxed elementor-section-height-default elementor-section-items-middle\" data-id=\"3a2b59d\" data-element_type=\"section\" data-settings=\"{&quot;background_background&quot;:&quot;classic&quot;}\">\n\t\t\t\t\t\t\t<div class=\"elementor-background-overlay\"><\/div>\n\t\t\t\t\t\t\t<div class=\"elementor-container elementor-column-gap-default\">\n\t\t\t\t\t<div class=\"elementor-column elementor-col-100 elementor-top-column elementor-element elementor-element-2dc4122\" data-id=\"2dc4122\" data-element_type=\"column\">\n\t\t\t<div class=\"elementor-widget-wrap elementor-element-populated\">\n\t\t\t\t\t\t<div class=\"elementor-element elementor-element-ab2061f elementor-widget elementor-widget-spacer\" data-id=\"ab2061f\" data-element_type=\"widget\" data-widget_type=\"spacer.default\">\n\t\t\t\t<div class=\"elementor-widget-container\">\n\t\t\t\t\t\t\t<div class=\"elementor-spacer\">\n\t\t\t<div class=\"elementor-spacer-inner\"><\/div>\n\t\t<\/div>\n\t\t\t\t\t\t<\/div>\n\t\t\t\t<\/div>\n\t\t\t\t<div class=\"elementor-element elementor-element-fdbfc67 elementor-widget elementor-widget-image\" data-id=\"fdbfc67\" data-element_type=\"widget\" data-widget_type=\"image.default\">\n\t\t\t\t<div class=\"elementor-widget-container\">\n\t\t\t\t\t\t\t\t\t\t\t\t\t\t\t<img fetchpriority=\"high\" decoding=\"async\" width=\"1024\" height=\"350\" src=\"https:\/\/allespaletti.lu\/wp-content\/uploads\/2025\/10\/Plan-de-travail-4.png\" class=\"attachment-full size-full wp-image-937\" alt=\"\" srcset=\"https:\/\/allespaletti.lu\/wp-content\/uploads\/2025\/10\/Plan-de-travail-4.png 1024w, https:\/\/allespaletti.lu\/wp-content\/uploads\/2025\/10\/Plan-de-travail-4-300x103.png 300w, https:\/\/allespaletti.lu\/wp-content\/uploads\/2025\/10\/Plan-de-travail-4-768x263.png 768w, https:\/\/allespaletti.lu\/wp-content\/uploads\/2025\/10\/Plan-de-travail-4-18x6.png 18w, https:\/\/allespaletti.lu\/wp-content\/uploads\/2025\/10\/Plan-de-travail-4-600x205.png 600w\" sizes=\"(max-width: 1024px) 100vw, 1024px\" \/>\t\t\t\t\t\t\t\t\t\t\t\t\t\t\t<\/div>\n\t\t\t\t<\/div>\n\t\t\t\t<div class=\"elementor-element elementor-element-6b6e343 elementor-widget elementor-widget-spacer\" data-id=\"6b6e343\" data-element_type=\"widget\" data-widget_type=\"spacer.default\">\n\t\t\t\t<div class=\"elementor-widget-container\">\n\t\t\t\t\t\t\t<div class=\"elementor-spacer\">\n\t\t\t<div class=\"elementor-spacer-inner\"><\/div>\n\t\t<\/div>\n\t\t\t\t\t\t<\/div>\n\t\t\t\t<\/div>\n\t\t\t\t<div class=\"elementor-element elementor-element-d537ac5 elementor-widget elementor-widget-text-editor\" data-id=\"d537ac5\" data-element_type=\"widget\" data-widget_type=\"text-editor.default\">\n\t\t\t\t<div class=\"elementor-widget-container\">\n\t\t\t\t\t\t\t\t\t<p style=\"text-align: center;\" class=\" translation-block\"><span style=\"color: #edc363\">Alles Paletti est une entreprise innovante et en pleine expansion bas\u00e9e au Luxembourg, <br><\/span><span style=\"color: #edc363\">sp\u00e9cialis\u00e9e dans la commercialisation de produits de haute qualit\u00e9 \u00e0 base de chanvre. <br><\/span><span style=\"color: #edc363\">Nous accordons une grande importance au caract\u00e8re naturel et \u00e0 la qualit\u00e9 de nos produits afin d'offrir \u00e0 nos clients une exp\u00e9rience de d\u00e9tente incomparable.<\/span><\/p>\t\t\t\t\t\t\t\t<\/div>\n\t\t\t\t<\/div>\n\t\t\t\t\t<\/div>\n\t\t<\/div>\n\t\t\t\t\t<\/div>\n\t\t<\/section>\n\t\t\t\t<section class=\"elementor-section elementor-top-section elementor-element elementor-element-287d078 elementor-reverse-tablet elementor-reverse-mobile elementor-section-boxed elementor-section-height-default elementor-section-height-default\" data-id=\"287d078\" data-element_type=\"section\" data-settings=\"{&quot;background_background&quot;:&quot;classic&quot;}\">\n\t\t\t\t\t\t<div class=\"elementor-container elementor-column-gap-default\">\n\t\t\t\t\t<div class=\"elementor-column elementor-col-50 elementor-top-column elementor-element elementor-element-f89101c elementor-invisible\" data-id=\"f89101c\" data-element_type=\"column\" data-settings=\"{&quot;animation&quot;:&quot;fadeInUp&quot;}\">\n\t\t\t<div class=\"elementor-widget-wrap elementor-element-populated\">\n\t\t\t\t\t\t<div class=\"elementor-element elementor-element-495a9c5 elementor-widget elementor-widget-image\" data-id=\"495a9c5\" data-element_type=\"widget\" data-widget_type=\"image.default\">\n\t\t\t\t<div class=\"elementor-widget-container\">\n\t\t\t\t\t\t\t\t\t\t\t\t\t\t\t<img decoding=\"async\" width=\"768\" height=\"512\" src=\"https:\/\/allespaletti.lu\/wp-content\/uploads\/2024\/08\/2151160248-768x512.jpg\" class=\"attachment-medium_large size-medium_large wp-image-453\" alt=\"\" srcset=\"https:\/\/allespaletti.lu\/wp-content\/uploads\/2024\/08\/2151160248-768x512.jpg 768w, https:\/\/allespaletti.lu\/wp-content\/uploads\/2024\/08\/2151160248-300x200.jpg 300w, https:\/\/allespaletti.lu\/wp-content\/uploads\/2024\/08\/2151160248-1024x682.jpg 1024w, https:\/\/allespaletti.lu\/wp-content\/uploads\/2024\/08\/2151160248-1536x1024.jpg 1536w, https:\/\/allespaletti.lu\/wp-content\/uploads\/2024\/08\/2151160248-600x400.jpg 600w, https:\/\/allespaletti.lu\/wp-content\/uploads\/2024\/08\/2151160248.jpg 2000w\" sizes=\"(max-width: 768px) 100vw, 768px\" \/>\t\t\t\t\t\t\t\t\t\t\t\t\t\t\t<\/div>\n\t\t\t\t<\/div>\n\t\t\t\t\t<\/div>\n\t\t<\/div>\n\t\t\t\t<div class=\"elementor-column elementor-col-50 elementor-top-column elementor-element elementor-element-7b21b6d animated-slow elementor-invisible\" data-id=\"7b21b6d\" data-element_type=\"column\" data-settings=\"{&quot;animation&quot;:&quot;fadeInUp&quot;}\">\n\t\t\t<div class=\"elementor-widget-wrap elementor-element-populated\">\n\t\t\t\t\t\t<div class=\"elementor-element elementor-element-6d57831 elementor-widget elementor-widget-heading\" data-id=\"6d57831\" data-element_type=\"widget\" data-widget_type=\"heading.default\">\n\t\t\t\t<div class=\"elementor-widget-container\">\n\t\t\t\t\t<h2 class=\"elementor-heading-title elementor-size-default\">\u00c0 propos de nous<\/h2>\t\t\t\t<\/div>\n\t\t\t\t<\/div>\n\t\t\t\t<div class=\"elementor-element elementor-element-d62cd90 elementor-widget elementor-widget-text-editor\" data-id=\"d62cd90\" data-element_type=\"widget\" data-widget_type=\"text-editor.default\">\n\t\t\t\t<div class=\"elementor-widget-container\">\n\t\t\t\t\t\t\t\t\t<p style=\"text-align: center;\" class=\" translation-block\"><span style=\"color: #edc363\"><strong>Alles Paletti<\/strong> est une entreprise dynamique qui se concentre sur la commercialisation de produits naturels pour un secteur sp\u00e9cialis\u00e9. Au fil du temps, nous avons continuellement \u00e9largi notre activit\u00e9 et proposons d\u00e9sormais \u00e0 nos clients une s\u00e9lection raffin\u00e9e de produits haut de gamme. Notre engagement en faveur de la qualit\u00e9 et de la durabilit\u00e9 nous a permis de gagner la confiance et la satisfaction de nos clients.<\/span><\/p>\t\t\t\t\t\t\t\t<\/div>\n\t\t\t\t<\/div>\n\t\t\t\t<div class=\"elementor-element elementor-element-52b9c31 animated-slow elementor-align-center elementor-widget elementor-widget-button\" data-id=\"52b9c31\" data-element_type=\"widget\" data-settings=\"{&quot;_animation&quot;:&quot;none&quot;}\" data-widget_type=\"button.default\">\n\t\t\t\t<div class=\"elementor-widget-container\">\n\t\t\t\t\t\t\t\t\t<div class=\"elementor-button-wrapper\">\n\t\t\t\t\t<a class=\"elementor-button elementor-button-link elementor-size-sm elementor-animation-pop\" href=\"https:\/\/allespaletti.lu\/ueber-uns\/\">\n\t\t\t\t\t\t<span class=\"elementor-button-content-wrapper\">\n\t\t\t\t\t\t\t\t\t<span class=\"elementor-button-text\">Plus d'infos <\/span>\n\t\t\t\t\t<\/span>\n\t\t\t\t\t<\/a>\n\t\t\t\t<\/div>\n\t\t\t\t\t\t\t\t<\/div>\n\t\t\t\t<\/div>\n\t\t\t\t\t<\/div>\n\t\t<\/div>\n\t\t\t\t\t<\/div>\n\t\t<\/section>\n\t\t\t\t<section class=\"elementor-section elementor-top-section elementor-element elementor-element-5b23c3a elementor-section-boxed elementor-section-height-default elementor-section-height-default\" data-id=\"5b23c3a\" data-element_type=\"section\" data-settings=\"{&quot;background_background&quot;:&quot;classic&quot;}\">\n\t\t\t\t\t\t<div class=\"elementor-container elementor-column-gap-default\">\n\t\t\t\t\t<div class=\"elementor-column elementor-col-100 elementor-top-column elementor-element elementor-element-2e68717\" data-id=\"2e68717\" data-element_type=\"column\">\n\t\t\t<div class=\"elementor-widget-wrap elementor-element-populated\">\n\t\t\t\t\t\t<div class=\"elementor-element elementor-element-7e6659d elementor-widget elementor-widget-heading\" data-id=\"7e6659d\" data-element_type=\"widget\" data-widget_type=\"heading.default\">\n\t\t\t\t<div class=\"elementor-widget-container\">\n\t\t\t\t\t<h2 class=\"elementor-heading-title elementor-size-default\">Durabilit\u00e9 et protection de l'environnement chez Alles Paletti<\/h2>\t\t\t\t<\/div>\n\t\t\t\t<\/div>\n\t\t\t\t<div class=\"elementor-element elementor-element-e9b3ef0 elementor-widget elementor-widget-text-editor\" data-id=\"e9b3ef0\" data-element_type=\"widget\" data-widget_type=\"text-editor.default\">\n\t\t\t\t<div class=\"elementor-widget-container\">\n\t\t\t\t\t\t\t\t\t<blockquote><p style=\"text-align: center;\" class=\" translation-block\"><span style=\"color: #edc363\"><strong><span style=\"text-decoration: underline\">Notre syst\u00e8me de consigne fonctionne tr\u00e8s simplement :<\/span><\/strong> <br>Lorsqu'ils ach\u00e8tent nos produits, les clients paient une petite <strong>consigne pour les r\u00e9cipients en verre<\/strong>. <br>Apr\u00e8s utilisation, les bocaux vides peuvent \u00eatre rapport\u00e9s et la consigne est rembours\u00e9e. <br><\/span><span style=\"color: #edc363\">Nous contribuons ainsi ensemble \u00e0 la r\u00e9duction des d\u00e9chets et \u00e0 la pr\u00e9servation des ressources naturelles.<\/span><\/p><\/blockquote>\t\t\t\t\t\t\t\t<\/div>\n\t\t\t\t<\/div>\n\t\t\t\t<div class=\"elementor-element elementor-element-c533a28 elementor-widget elementor-widget-spacer\" data-id=\"c533a28\" data-element_type=\"widget\" data-widget_type=\"spacer.default\">\n\t\t\t\t<div class=\"elementor-widget-container\">\n\t\t\t\t\t\t\t<div class=\"elementor-spacer\">\n\t\t\t<div class=\"elementor-spacer-inner\"><\/div>\n\t\t<\/div>\n\t\t\t\t\t\t<\/div>\n\t\t\t\t<\/div>\n\t\t\t\t\t<\/div>\n\t\t<\/div>\n\t\t\t\t\t<\/div>\n\t\t<\/section>\n\t\t\t\t<\/div>","protected":false},"excerpt":{"rendered":"<p>Alles Paletti ist ein innovatives und aufstrebendes Unternehmen aus Luxemburg, das sich auf die Vermarktung hochwertiger Produkte aus Hanf spezialisiert [&hellip;]<\/p>","protected":false},"author":1,"featured_media":0,"parent":0,"menu_order":0,"comment_status":"closed","ping_status":"closed","template":"","meta":{"site-sidebar-layout":"no-sidebar","site-content-layout":"","ast-site-content-layout":"full-width-container","site-content-style":"default","site-sidebar-style":"default","ast-global-header-display":"","ast-banner-title-visibility":"","ast-main-header-display":"","ast-hfb-above-header-display":"","ast-hfb-below-header-display":"","ast-hfb-mobile-header-display":"","site-post-title":"disabled","ast-breadcrumbs-content":"","ast-featured-img":"disabled","footer-sml-layout":"","theme-transparent-header-meta":"","adv-header-id-meta":"","stick-header-meta":"","header-above-stick-meta":"","header-main-stick-meta":"","header-below-stick-meta":"","astra-migrate-meta-layouts":"default","ast-page-background-enabled":"default","ast-page-background-meta":{"desktop":{"background-color":"var(--ast-global-color-4)","background-image":"","background-repeat":"repeat","background-position":"center center","background-size":"auto","background-attachment":"scroll","background-type":"","background-media":"","overlay-type":"","overlay-color":"","overlay-opacity":"","overlay-gradient":""},"tablet":{"background-color":"","background-image":"","background-repeat":"repeat","background-position":"center center","background-size":"auto","background-attachment":"scroll","background-type":"","background-media":"","overlay-type":"","overlay-color":"","overlay-opacity":"","overlay-gradient":""},"mobile":{"background-color":"","background-image":"","background-repeat":"repeat","background-position":"center center","background-size":"auto","background-attachment":"scroll","background-type":"","background-media":"","overlay-type":"","overlay-color":"","overlay-opacity":"","overlay-gradient":""}},"ast-content-background-meta":{"desktop":{"background-color":"var(--ast-global-color-5)","background-image":"","background-repeat":"repeat","background-position":"center center","background-size":"auto","background-attachment":"scroll","background-type":"","background-media":"","overlay-type":"","overlay-color":"","overlay-opacity":"","overlay-gradient":""},"tablet":{"background-color":"var(--ast-global-color-5)","background-image":"","background-repeat":"repeat","background-position":"center center","background-size":"auto","background-attachment":"scroll","background-type":"","background-media":"","overlay-type":"","overlay-color":"","overlay-opacity":"","overlay-gradient":""},"mobile":{"background-color":"var(--ast-global-color-5)","background-image":"","background-repeat":"repeat","background-position":"center center","background-size":"auto","background-attachment":"scroll","background-type":"","background-media":"","overlay-type":"","overlay-color":"","overlay-opacity":"","overlay-gradient":""}},"footnotes":""},"class_list":["post-11","page","type-page","status-publish","hentry"],"_links":{"self":[{"href":"https:\/\/allespaletti.lu\/fr\/wp-json\/wp\/v2\/pages\/11","targetHints":{"allow":["GET"]}}],"collection":[{"href":"https:\/\/allespaletti.lu\/fr\/wp-json\/wp\/v2\/pages"}],"about":[{"href":"https:\/\/allespaletti.lu\/fr\/wp-json\/wp\/v2\/types\/page"}],"author":[{"embeddable":true,"href":"https:\/\/allespaletti.lu\/fr\/wp-json\/wp\/v2\/users\/1"}],"replies":[{"embeddable":true,"href":"https:\/\/allespaletti.lu\/fr\/wp-json\/wp\/v2\/comments?post=11"}],"version-history":[{"count":317,"href":"https:\/\/allespaletti.lu\/fr\/wp-json\/wp\/v2\/pages\/11\/revisions"}],"predecessor-version":[{"id":1817,"href":"https:\/\/allespaletti.lu\/fr\/wp-json\/wp\/v2\/pages\/11\/revisions\/1817"}],"wp:attachment":[{"href":"https:\/\/allespaletti.lu\/fr\/wp-json\/wp\/v2\/media?parent=11"}],"curies":[{"name":"wp","href":"https:\/\/api.w.org\/{rel}","templated":true}]}}